{"id":8,"date":"2025-06-15T21:50:48","date_gmt":"2025-06-15T21:50:48","guid":{"rendered":"https:\/\/pratofirmeza.com.br\/?page_id=8"},"modified":"2025-11-10T21:46:02","modified_gmt":"2025-11-11T00:46:02","slug":"home","status":"publish","type":"page","link":"https:\/\/pratofirmeza.com.br\/en\/","title":{"rendered":"Home"},"content":{"rendered":"<p>Created in 2013 as a gastronomic guide to the suburbs of S\u00e3o Paulo, PF has gained national versions, over 10 published volumes, podcasts, and a web series. Prato Firmeza unites schools, restaurants, producers, and consumers in a network that generates visibility for small entrepreneurs and strengthens good food in the outskirts.<\/p>\n\n\n\n<p>Winner of the Jabuti Award, the biggest award in Brazilian literature, it has mapped over 500 establishments and impacted 2 million people, generating more than 1,000 direct jobs.<em>.<\/em><\/p>","protected":false},"excerpt":{"rendered":"<p>Criado em 2013 como um guia gastron\u00f4mico das quebradas de S\u00e3o Paulo, o PF ganhou vers\u00f5es nacionais, mais de 10 volumes publicados, podcasts e webs\u00e9rie. O Prato Firmeza une escolas, restaurantes, produtores e consumidores em uma rede que gera visibilidade para pequenos empreendedores e fortalece a boa alimenta\u00e7\u00e3o nas periferias. Vencedor do Pr\u00eamio Jabuti, maior [&hellip;]<\/p>","protected":false},"author":1,"featured_media":0,"parent":0,"menu_order":0,"comment_status":"closed","ping_status":"closed","template":"home-pf.php","meta":{"_acf_changed":false,"footnotes":""},"class_list":["post-8","page","type-page","status-publish","hentry"],"acf":[],"_links":{"self":[{"href":"https:\/\/pratofirmeza.com.br\/en\/wp-json\/wp\/v2\/pages\/8","targetHints":{"allow":["GET"]}}],"collection":[{"href":"https:\/\/pratofirmeza.com.br\/en\/wp-json\/wp\/v2\/pages"}],"about":[{"href":"https:\/\/pratofirmeza.com.br\/en\/wp-json\/wp\/v2\/types\/page"}],"author":[{"embeddable":true,"href":"https:\/\/pratofirmeza.com.br\/en\/wp-json\/wp\/v2\/users\/1"}],"replies":[{"embeddable":true,"href":"https:\/\/pratofirmeza.com.br\/en\/wp-json\/wp\/v2\/comments?post=8"}],"version-history":[{"count":11,"href":"https:\/\/pratofirmeza.com.br\/en\/wp-json\/wp\/v2\/pages\/8\/revisions"}],"predecessor-version":[{"id":268,"href":"https:\/\/pratofirmeza.com.br\/en\/wp-json\/wp\/v2\/pages\/8\/revisions\/268"}],"wp:attachment":[{"href":"https:\/\/pratofirmeza.com.br\/en\/wp-json\/wp\/v2\/media?parent=8"}],"curies":[{"name":"wp","href":"https:\/\/api.w.org\/{rel}","templated":true}]}}