{"id":15,"date":"2025-06-15T21:52:24","date_gmt":"2025-06-15T21:52:24","guid":{"rendered":"https:\/\/pratofirmeza.com.br\/?page_id=15"},"modified":"2025-06-15T22:15:48","modified_gmt":"2025-06-15T22:15:48","slug":"adquira","status":"publish","type":"page","link":"https:\/\/pratofirmeza.com.br\/en\/adquira\/","title":{"rendered":"Quer receber o Prato Firmeza impresso?"},"content":{"rendered":"<div class=\"everest-forms\"><div class=\"evf-container default\" id=\"evf-25\"><form id=\"evf-form-25\" class=\"everest-form\" data-formid=\"25\" data-ajax_submission=\"0\" data-keyboard_friendly_form=\"0\" data-form_state_type=\"\" method=\"post\" enctype=\"multipart\/form-data\" action=\"\/en\/wp-json\/wp\/v2\/pages\/15\" data-trp-original-action=\"\/en\/wp-json\/wp\/v2\/pages\/15\"><div class=\"evf-field-container\"><input type=\"hidden\" id=\"_wpnonce25\" name=\"_wpnonce25\" value=\"1e264f39d3\" \/><input type=\"hidden\" name=\"_wp_http_referer\" value=\"\/en\/wp-json\/wp\/v2\/pages\/15\" \/><div class=\"evf-frontend-row\" data-row=\"row_1\" conditional_rules=\"[]\"><div class=\"evf-frontend-grid evf-grid-1\" data-grid=\"grid_1\"><div id=\"evf-25-field_ys0GeZISRs-1-container\" class=\"evf-field evf-field-first-name form-row validate-required\" data-required-field-message=\"This field is required.\" data-field-id=\"ys0GeZISRs-1\"><label class=\"evf-field-label evf-label-hide\" for=\"evf-25-field_ys0GeZISRs-1\"><span class=\"evf-label\">Full name<\/span> <abbr class=\"required\" title=\"Required\">*<\/abbr><\/label><input type=\"text\" id=\"evf-25-field_ys0GeZISRs-1\" class=\"input-text\" name=\"everest_forms[form_fields][ys0GeZISRs-1]\" placeholder=\"Full name\" required><\/div><div id=\"evf-25-field_LbH5NxasXM-2-container\" class=\"evf-field evf-field-email form-row validate-required validate-email\" data-required-field-message=\"Please enter a valid email address.\" data-field-id=\"LbH5NxasXM-2\"><label class=\"evf-field-label evf-label-hide\" for=\"evf-25-field_LbH5NxasXM-2\"><span class=\"evf-label\">Email<\/span> <abbr class=\"required\" title=\"Required\">*<\/abbr><\/label><input type=\"email\" id=\"evf-25-field_LbH5NxasXM-2\" class=\"input-text\" name=\"everest_forms[form_fields][LbH5NxasXM-2]\" placeholder=\"Email\" required><\/div><div id=\"evf-25-field_66FR384cge-3-container\" class=\"evf-field evf-field-text form-row\" data-field-id=\"66FR384cge-3\"><label class=\"evf-field-label evf-label-hide\" for=\"evf-25-field_66FR384cge-3\"><span class=\"evf-label\">Address<\/span> <\/label><input type=\"text\" id=\"evf-25-field_66FR384cge-3\" class=\"input-text\" name=\"everest_forms[form_fields][66FR384cge-3]\" placeholder=\"Address\" ><\/div><div id=\"evf-25-field_uVUqfyFEDO-6-container\" class=\"evf-field evf-field-select form-row\" data-field-id=\"uVUqfyFEDO-6\"><label class=\"evf-field-label evf-label-hide\" for=\"evf-25-field_uVUqfyFEDO-6\"><span class=\"evf-label\">Which edition would you like to receive?<\/span> <\/label><select id=\"evf-25-field_uVUqfyFEDO-6\" class=\"input-text\" name=\"everest_forms[form_fields][uVUqfyFEDO-6]\" ><option value=\"\" class=\"placeholder\" disabled selected='selected'>Qual a edi\u00e7\u00e3o voc\u00ea deseja receber?<\/option><option value=\"Livro - Prato Firmeza Geek\" >Livro - Prato Firmeza Geek<\/option><option value=\"Livro - Jornalismo &amp; Territorio Justi\u00e7a Clim\u00e1tica\" >Livro - Jornalismo &amp; Territorio Justi\u00e7a Clim\u00e1tica<\/option><option value=\"\u00c9 nois - 13 Anos\" >\u00c9 nois - 13 Anos<\/option><option value=\"Livro - Pratinho Firmeza Brasil\" >Livro - Pratinho Firmeza Brasil<\/option><option value=\"Guia - Prato Firmeza Campo e Cidade\" >Guia - Prato Firmeza Campo e Cidade<\/option><\/select><\/div><div id=\"evf-25-field_iJzWJEP5Es-5-container\" class=\"evf-field evf-field-file-upload form-row\" data-field-id=\"iJzWJEP5Es-5\"><label class=\"evf-field-label evf-label-hide\" for=\"evf-25-field_iJzWJEP5Es-5\"><span class=\"evf-label\">Clique para fazer o upload do comprovante<\/span> <\/label>\t\t<div class=\"everest-forms-uploader\"\n\t\t\tdata-field-id=\"iJzWJEP5Es-5\"\n\t\t\tdata-form-id=\"25\"\n\t\t\tdata-input-name=\"everest_forms_25_iJzWJEP5Es-5\"\n\t\t\tdata-extensions=\"jpg,jpeg,jpe,gif,png,bmp,tiff,tif,webp,avif,ico,heic,heif,heics,heifs,asf,asx,wmv,wmx,wm,avi,divx,mov,qt,mpeg,mpg,mpe,mp4,m4v,ogv,webm,mkv,3gp,3gpp,3g2,3gp2,txt,asc,c,cc,h,srt,csv,tsv,ics,rtx,css,html,vtt,dfxp,mp3,m4a,m4b,aac,ra,ram,wav,x-wav,ogg,oga,flac,mid,midi,wma,wax,mka,rtf,pdf,class,tar,zip,gz,gzip,rar,7z,psd,xcf,doc,pot,pps,ppt,wri,xla,xls,xlt,xlw,mpp,docx,docm,dotx,dotm,xlsx,xlsm,xlsb,xltx,xltm,xlam,pptx,pptm,ppsx,ppsm,potx,potm,ppam,sldx,sldm,onetoc,onetoc2,onetmp,onepkg,oxps,xps,odt,odp,ods,odg,odc,odb,odf,wp,wpd,key,numbers,pages\"\n\t\t\tdata-max-size=\"2097152\"\n\t\t\tdata-max-file-number=\"1\"\n\t\t\tdata-post-max-size=\"104857600\"\n\t\t\tdata-current-file-count=\"0\"\n\t\t\t>\n\t\t\t<div class=\"dz-message\">\n\t\t\t\t<svg xmlns=\"http:\/\/www.w3.org\/2000\/svg\" viewbox=\"0 0 32 32\" width=\"32px\" height=\"32px\" fill=\"#868e96\"><path class=\"cls-1\" d=\"M18.12,17.52,17,16.4V25a1,1,0,0,1-2,0V16.4l-1.12,1.12a1,1,0,0,1-1.42,0,1,1,0,0,1,0-1.41l2.83-2.83a1,1,0,0,1,1.42,0l2.83,2.83a1,1,0,0,1-.71,1.7A1,1,0,0,1,18.12,17.52ZM22,22H20a1,1,0,0,1,0-2h2a4,4,0,0,0,.27-8,1,1,0,0,1-.84-.57,6,6,0,0,0-11.36,1.69,1,1,0,0,1-1,.86H9A3,3,0,0,0,9,20h3a1,1,0,0,1,0,2H9a5,5,0,0,1-.75-9.94A8,8,0,0,1,23,10.1,6,6,0,0,1,22,22Z\"\/><\/svg>\n\t\t\t\t<span class=\"everest-forms-upload-title\">\n\t\t\t\t\tDrag a file or click here to proceed with the upload of the receipt\t\t\t\t<\/span>\n\n\t\t\t\t\t\t\t\t\t<span class=\"everest-forms-upload-hint\">\n\t\t\t\t\t\tYou can send only one file\t\t\t\t\t<\/span>\n\t\t\t\t\t\t\t<\/div>\n\t\t\t\t\t<\/div>\n\t\t<input type=\"text\" class=\"dropzone-input input-text\" id=\"everest-forms-25-field_iJzWJEP5Es-5\" name=\"everest_forms_25_iJzWJEP5Es-5\"  conditional_id=\"\" conditional_rules=''>\n\t\t<\/div><\/div><\/div><\/div><div class=\"evf-honeypot-container evf-field-hp\"><label for=\"evf-25-field-hp\" class=\"evf-field-label\">Message<\/label><input type=\"text\" name=\"everest_forms[hp]\" id=\"evf-25-field-hp\" class=\"input-text\"><\/div><div class=\"evf-submit-container\" ><input type=\"hidden\" name=\"everest_forms[id]\" value=\"25\"><input type=\"hidden\" name=\"everest_forms[author]\" value=\"1\"><button type='submit' name='everest_forms[submit]' class='everest-forms-submit-button button evf-submit' id='evf-submit-25' value='evf-submit' data-process-text=\"processando\u2026\" conditional_rules='&quot;&quot;' conditional_id='evf-submit-25'  aria-live=\"assertive\">Confirm submission<\/button><\/div><input type=\"hidden\" name=\"trp-form-language\" value=\"en\"\/><\/form><\/div><!-- .evf-container --><\/div>\n\n\n\n<p><\/p>","protected":false},"excerpt":{"rendered":"","protected":false},"author":1,"featured_media":0,"parent":0,"menu_order":0,"comment_status":"closed","ping_status":"closed","template":"page-adquira.php","meta":{"_acf_changed":false,"footnotes":""},"class_list":["post-15","page","type-page","status-publish","hentry"],"acf":[],"_links":{"self":[{"href":"https:\/\/pratofirmeza.com.br\/en\/wp-json\/wp\/v2\/pages\/15","targetHints":{"allow":["GET"]}}],"collection":[{"href":"https:\/\/pratofirmeza.com.br\/en\/wp-json\/wp\/v2\/pages"}],"about":[{"href":"https:\/\/pratofirmeza.com.br\/en\/wp-json\/wp\/v2\/types\/page"}],"author":[{"embeddable":true,"href":"https:\/\/pratofirmeza.com.br\/en\/wp-json\/wp\/v2\/users\/1"}],"replies":[{"embeddable":true,"href":"https:\/\/pratofirmeza.com.br\/en\/wp-json\/wp\/v2\/comments?post=15"}],"version-history":[{"count":2,"href":"https:\/\/pratofirmeza.com.br\/en\/wp-json\/wp\/v2\/pages\/15\/revisions"}],"predecessor-version":[{"id":27,"href":"https:\/\/pratofirmeza.com.br\/en\/wp-json\/wp\/v2\/pages\/15\/revisions\/27"}],"wp:attachment":[{"href":"https:\/\/pratofirmeza.com.br\/en\/wp-json\/wp\/v2\/media?parent=15"}],"curies":[{"name":"wp","href":"https:\/\/api.w.org\/{rel}","templated":true}]}}